{"id":13100,"date":"2026-04-13T11:48:50","date_gmt":"2026-04-13T11:48:50","guid":{"rendered":"https:\/\/www.szentpiroskanyiracsad.hu\/?page_id=13100"},"modified":"2026-04-13T12:28:34","modified_gmt":"2026-04-13T12:28:34","slug":"beiratkozas-2026-27-es-tanev","status":"publish","type":"page","link":"https:\/\/www.szentpiroskanyiracsad.hu\/?page_id=13100","title":{"rendered":"Beiratkoz\u00e1s a 2026\/27-es tan\u00e9vre"},"content":{"rendered":"\n<figure class=\"wp-block-image aligncenter size-large is-resized\"><img loading=\"lazy\" decoding=\"async\" width=\"724\" height=\"1024\" src=\"https:\/\/www.szentpiroskanyiracsad.hu\/wp-content\/uploads\/2026\/04\/Plakat-beiratkozas-2026-2027_page-0001-1-724x1024.jpg\" alt=\"\" class=\"wp-image-13123\" style=\"width:695px;height:auto\" srcset=\"https:\/\/www.szentpiroskanyiracsad.hu\/wp-content\/uploads\/2026\/04\/Plakat-beiratkozas-2026-2027_page-0001-1-724x1024.jpg 724w, https:\/\/www.szentpiroskanyiracsad.hu\/wp-content\/uploads\/2026\/04\/Plakat-beiratkozas-2026-2027_page-0001-1-212x300.jpg 212w, https:\/\/www.szentpiroskanyiracsad.hu\/wp-content\/uploads\/2026\/04\/Plakat-beiratkozas-2026-2027_page-0001-1-768x1086.jpg 768w, https:\/\/www.szentpiroskanyiracsad.hu\/wp-content\/uploads\/2026\/04\/Plakat-beiratkozas-2026-2027_page-0001-1-1086x1536.jpg 1086w, https:\/\/www.szentpiroskanyiracsad.hu\/wp-content\/uploads\/2026\/04\/Plakat-beiratkozas-2026-2027_page-0001-1-1448x2048.jpg 1448w, https:\/\/www.szentpiroskanyiracsad.hu\/wp-content\/uploads\/2026\/04\/Plakat-beiratkozas-2026-2027_page-0001-1-scaled.jpg 1811w\" sizes=\"auto, (max-width: 724px) 100vw, 724px\" \/><\/figure>\n\n\n\n<ul class=\"wp-block-list\">\n<li><a href=\"https:\/\/www.szentpiroskanyiracsad.hu\/wp-content\/uploads\/2026\/04\/Adatkezelesi-tajekoztato.pdf\" data-type=\"link\" data-id=\"https:\/\/www.szentpiroskanyiracsad.hu\/wp-content\/uploads\/2026\/04\/Adatkezelesi-tajekoztato.pdf\">Adatkezel\u00e9si t\u00e1j\u00e9koztat\u00f3<\/a><\/li>\n\n\n\n<li><a href=\"https:\/\/www.szentpiroskanyiracsad.hu\/wp-content\/uploads\/2026\/04\/Lelkeszi-ajanlas.pdf\" data-type=\"link\" data-id=\"https:\/\/www.szentpiroskanyiracsad.hu\/wp-content\/uploads\/2026\/04\/Lelkeszi-ajanlas.pdf\">Lelk\u00e9szi aj\u00e1nl\u00e1s<\/a><\/li>\n\n\n\n<li><a href=\"https:\/\/www.szentpiroskanyiracsad.hu\/wp-content\/uploads\/2026\/04\/Nyilatkozat-adatkeres-eletvitelszeru-tartozkodas.pdf\" data-type=\"link\" data-id=\"https:\/\/www.szentpiroskanyiracsad.hu\/wp-content\/uploads\/2026\/04\/Nyilatkozat-adatkeres-eletvitelszeru-tartozkodas.pdf\">Nyilatkozat-adatk\u00e9r\u00e9s, \u00e9letvitelszer\u0171 tart\u00f3zkod\u00e1s<\/a><\/li>\n\n\n\n<li><a href=\"https:\/\/www.szentpiroskanyiracsad.hu\/wp-content\/uploads\/2026\/04\/Nyilatkozat-angol-info-oktatas.pdf\" data-type=\"link\" data-id=\"https:\/\/www.szentpiroskanyiracsad.hu\/wp-content\/uploads\/2026\/04\/Nyilatkozat-angol-info-oktatas.pdf\">Nyilatkozat-angol-inf\u00f3 oktat\u00e1s<\/a><\/li>\n\n\n\n<li><a href=\"https:\/\/www.szentpiroskanyiracsad.hu\/wp-content\/uploads\/2026\/04\/Nyilatkozat-hitoktatas.pdf\" data-type=\"link\" data-id=\"https:\/\/www.szentpiroskanyiracsad.hu\/wp-content\/uploads\/2026\/04\/Nyilatkozat-hitoktatas.pdf\">Nyilatkozat-hitoktat\u00e1s<\/a><\/li>\n\n\n\n<li><a href=\"https:\/\/www.szentpiroskanyiracsad.hu\/wp-content\/uploads\/2026\/04\/Nyilatkozat-Szuloi-felugyeleti-jog.pdf\" data-type=\"link\" data-id=\"https:\/\/www.szentpiroskanyiracsad.hu\/wp-content\/uploads\/2026\/04\/Nyilatkozat-Szuloi-felugyeleti-jog.pdf\">Nyilatkozat-Sz\u00fcl\u0151i fel\u00fcgyeleti jog<\/a><\/li>\n<\/ul>\n","protected":false},"excerpt":{"rendered":"","protected":false},"author":1,"featured_media":13118,"parent":0,"menu_order":0,"comment_status":"closed","ping_status":"closed","template":"","meta":{"ngg_post_thumbnail":0,"footnotes":""},"class_list":["post-13100","page","type-page","status-publish","has-post-thumbnail","hentry"],"_links":{"self":[{"href":"https:\/\/www.szentpiroskanyiracsad.hu\/index.php?rest_route=\/wp\/v2\/pages\/13100","targetHints":{"allow":["GET"]}}],"collection":[{"href":"https:\/\/www.szentpiroskanyiracsad.hu\/index.php?rest_route=\/wp\/v2\/pages"}],"about":[{"href":"https:\/\/www.szentpiroskanyiracsad.hu\/index.php?rest_route=\/wp\/v2\/types\/page"}],"author":[{"embeddable":true,"href":"https:\/\/www.szentpiroskanyiracsad.hu\/index.php?rest_route=\/wp\/v2\/users\/1"}],"replies":[{"embeddable":true,"href":"https:\/\/www.szentpiroskanyiracsad.hu\/index.php?rest_route=%2Fwp%2Fv2%2Fcomments&post=13100"}],"version-history":[{"count":5,"href":"https:\/\/www.szentpiroskanyiracsad.hu\/index.php?rest_route=\/wp\/v2\/pages\/13100\/revisions"}],"predecessor-version":[{"id":13124,"href":"https:\/\/www.szentpiroskanyiracsad.hu\/index.php?rest_route=\/wp\/v2\/pages\/13100\/revisions\/13124"}],"wp:featuredmedia":[{"embeddable":true,"href":"https:\/\/www.szentpiroskanyiracsad.hu\/index.php?rest_route=\/wp\/v2\/media\/13118"}],"wp:attachment":[{"href":"https:\/\/www.szentpiroskanyiracsad.hu\/index.php?rest_route=%2Fwp%2Fv2%2Fmedia&parent=13100"}],"curies":[{"name":"wp","href":"https:\/\/api.w.org\/{rel}","templated":true}]}}