{"id":3297,"date":"2023-10-10T12:11:20","date_gmt":"2023-10-10T12:11:20","guid":{"rendered":"https:\/\/www.szentpiroskanyiracsad.hu\/?page_id=3297"},"modified":"2023-10-10T12:11:21","modified_gmt":"2023-10-10T12:11:21","slug":"csen","status":"publish","type":"page","link":"https:\/\/www.szentpiroskanyiracsad.hu\/?page_id=3297","title":{"rendered":"CS\u00c9N"},"content":{"rendered":"\n<div class=\"wp-block-file\"><a id=\"wp-block-file--media-6c39a67b-bbb3-4344-892a-7fc2ff262645\" href=\"https:\/\/www.szentpiroskanyiracsad.hu\/wp-content\/uploads\/2023\/10\/BoldogabbcsaladokertCSEN_Program_HajdudorogiFEm_2023.pptx\">Boldogabbcsal\u00e1dok\u00e9rtCS\u00c9N_Program_HajdudorogiFEm_2023<\/a><a href=\"https:\/\/www.szentpiroskanyiracsad.hu\/wp-content\/uploads\/2023\/10\/BoldogabbcsaladokertCSEN_Program_HajdudorogiFEm_2023.pptx\" class=\"wp-block-file__button wp-element-button\" download aria-describedby=\"wp-block-file--media-6c39a67b-bbb3-4344-892a-7fc2ff262645\">Let\u00f6lt\u00e9s<\/a><\/div>\n","protected":false},"excerpt":{"rendered":"","protected":false},"author":1,"featured_media":0,"parent":0,"menu_order":0,"comment_status":"closed","ping_status":"closed","template":"","meta":{"ngg_post_thumbnail":0,"footnotes":""},"class_list":["post-3297","page","type-page","status-publish","hentry"],"_links":{"self":[{"href":"https:\/\/www.szentpiroskanyiracsad.hu\/index.php?rest_route=\/wp\/v2\/pages\/3297","targetHints":{"allow":["GET"]}}],"collection":[{"href":"https:\/\/www.szentpiroskanyiracsad.hu\/index.php?rest_route=\/wp\/v2\/pages"}],"about":[{"href":"https:\/\/www.szentpiroskanyiracsad.hu\/index.php?rest_route=\/wp\/v2\/types\/page"}],"author":[{"embeddable":true,"href":"https:\/\/www.szentpiroskanyiracsad.hu\/index.php?rest_route=\/wp\/v2\/users\/1"}],"replies":[{"embeddable":true,"href":"https:\/\/www.szentpiroskanyiracsad.hu\/index.php?rest_route=%2Fwp%2Fv2%2Fcomments&post=3297"}],"version-history":[{"count":1,"href":"https:\/\/www.szentpiroskanyiracsad.hu\/index.php?rest_route=\/wp\/v2\/pages\/3297\/revisions"}],"predecessor-version":[{"id":3298,"href":"https:\/\/www.szentpiroskanyiracsad.hu\/index.php?rest_route=\/wp\/v2\/pages\/3297\/revisions\/3298"}],"wp:attachment":[{"href":"https:\/\/www.szentpiroskanyiracsad.hu\/index.php?rest_route=%2Fwp%2Fv2%2Fmedia&parent=3297"}],"curies":[{"name":"wp","href":"https:\/\/api.w.org\/{rel}","templated":true}]}}